{"id":4388,"date":"2021-11-19T16:43:19","date_gmt":"2021-11-19T19:43:19","guid":{"rendered":"https:\/\/ajudou.org\/?page_id=4388"},"modified":"2022-05-23T23:57:59","modified_gmt":"2022-05-24T02:57:59","slug":"ajudou-ano-iv","status":"publish","type":"page","link":"https:\/\/novo.ajudou.org\/en\/ajudou-ano-iv\/","title":{"rendered":"Ajud\u00f4u Year IV"},"content":{"rendered":"<div class=\"wpb-content-wrapper\"><p>[vc_row full_width=&#8221;stretch_row_content_no_spaces&#8221; css=&#8221;.vc_custom_1632427047570{margin-top: 0px !important;margin-right: 0px !important;margin-bottom: 0px !important;margin-left: 0px !important;border-top-width: 0px !important;border-right-width: 0px !important;border-bottom-width: 0px !important;border-left-width: 0px !important;padding-top: 0px !important;padding-right: 0px !important;padding-bottom: 0px !important;padding-left: 0px !important;}&#8221;][vc_column css=&#8221;.vc_custom_1632428666846{margin-top: 0px !important;border-top-width: 0px !important;padding-top: 0px !important;}&#8221;][vc_row_inner css=&#8221;.vc_custom_1632428655103{margin-top: 0px !important;border-top-width: 0px !important;padding-top: 0px !important;}&#8221;][vc_column_inner el_id=&#8221;linha03&#8243; css=&#8221;.vc_custom_1632428659229{margin-top: 0px !important;border-top-width: 0px !important;padding-top: 0px !important;}&#8221;][vc_single_image img_size=&#8221;full&#8221; alignment=&#8221;center&#8221; css=&#8221;.vc_custom_1637348511898{margin-top: 0px !important;border-top-width: 0px !important;padding-top: 0px !important;}&#8221;][\/vc_column_inner][\/vc_row_inner][\/vc_column][\/vc_row][vc_row full_width=&#8221;stretch_row&#8221;][vc_column][vc_row_inner el_class=&#8221;conta&#8221;][vc_column_inner width=&#8221;1\/4&#8243;][\/vc_column_inner][vc_column_inner width=&#8221;1\/2&#8243;][vc_single_image image=&#8221;4389&#8243; img_size=&#8221;full&#8221; alignment=&#8221;center&#8221; el_id=&#8221;imgprojeto&#8221;][vc_column_text]<strong>Project Name:<\/strong> Ajud\u00f4u &#8211; Ano IV (Ajud\u00f4u &#8211; Year IV)<\/p>\n<p><strong>Modality:<\/strong>\u00a0Judo<\/p>\n<p><strong>Process Number.:<\/strong> 2018.02.0014<\/p>\n<p><strong>Number Students:<\/strong> 240<\/p>\n<p><strong>Execution Period:<\/strong> 09\/09\/2021 to 08\/2022<\/p>\n<p><strong>Objective:<\/strong>\u00a0To offer access to the practice of the specialized sport Judo as an educational complement, to children and adolescents enrolled in the public school system, in the city of Pouso Alegre.<\/p>\n<p><strong>Cores:<\/strong><\/p>\n<ul>\n<li><strong>Anathalia de Lordes Camanducaia Municipal School<\/strong><\/li>\n<\/ul>\n<p><strong>Address:<\/strong> Rua Tr\u00eas Cora\u00e7\u00f5es, N\u00ba 1450 &#8211; Jardim Nossa Senhora Guadalupe, Pouso Alegre &#8211; MG.<\/p>\n<ul>\n<li><strong>Esta\u00e7\u00e3o cidadania<\/strong><\/li>\n<\/ul>\n<p><strong>Address:<\/strong> Avenida Pinto Cobra &#8211; Avenida Perimetral, N\u00ba 2015, Centro, Pouso Alegre \u2013 MG.<\/p>\n<p><strong>Sponsor:<\/strong>\u00a0Unilever[\/vc_column_text][vc_single_image image=&#8221;4608&#8243; img_size=&#8221;full&#8221; alignment=&#8221;center&#8221;][\/vc_column_inner][vc_column_inner width=&#8221;1\/4&#8243;][\/vc_column_inner][\/vc_row_inner][\/vc_column][\/vc_row][vc_row full_width=&#8221;stretch_row&#8221; css=&#8221;.vc_custom_1632428418183{margin-top: 0px !important;margin-bottom: 0px !important;border-top-width: 0px !important;border-bottom-width: 0px !important;padding-top: 0px !important;padding-bottom: 0px !important;background-color: #e3051b !important;}&#8221;][vc_column css=&#8221;.vc_custom_1632428475953{margin-bottom: 0px !important;border-bottom-width: 0px !important;padding-bottom: 0px !important;}&#8221;][vc_row_inner el_class=&#8221;conta&#8221; css=&#8221;.vc_custom_1632428540438{margin-bottom: 0px !important;border-bottom-width: 0px !important;padding-bottom: 0px !important;}&#8221;][vc_column_inner width=&#8221;1\/6&#8243; el_id=&#8221;colunadoar&#8221; css=&#8221;.vc_custom_1632428497678{margin-bottom: 0px !important;border-bottom-width: 0px !important;padding-bottom: 0px !important;}&#8221;][\/vc_column_inner][vc_column_inner width=&#8221;1\/2&#8243; css=&#8221;.vc_custom_1632428492142{margin-bottom: 0px !important;border-bottom-width: 0px !important;padding-bottom: 0px !important;}&#8221;][vc_column_text]<\/p>\n<h2 style=\"text-align: left; color: #ffffff; font-size: 20px;\">Join a community of people who make a difference.<\/h2>\n<p>[\/vc_column_text][\/vc_column_inner][vc_column_inner width=&#8221;1\/6&#8243; css=&#8221;.vc_custom_1632428503869{margin-bottom: 0px !important;border-bottom-width: 0px !important;padding-bottom: 0px !important;}&#8221;][vc_btn title=&#8221;Doe&#8221; color=&#8221;white&#8221; size=&#8221;lg&#8221; align=&#8221;center&#8221; link=&#8221;url:https%3A%2F%2Fajudou.org%2Ffaca-a-diferenca%2F|||&#8221;][\/vc_column_inner][vc_column_inner width=&#8221;1\/6&#8243; css=&#8221;.vc_custom_1632428510174{margin-bottom: 0px !important;border-bottom-width: 0px !important;padding-bottom: 0px !important;}&#8221;][\/vc_column_inner][\/vc_row_inner][\/vc_column][\/vc_row][vc_row el_id=&#8221;rowSelos&#8221;][vc_column][vc_raw_html]JTNDZGl2JTIwaWQlM0RzZWxvcyUzRSUwQSUzQ3VsJTNFJTBBJTBBJTNDbGklM0UlMEElM0NhJTIwaHJlZiUzRCUyMmh0dHBzJTNBJTJGJTJGYWp1ZG91Lm9yZyUyRndwLWNvbnRlbnQlMkZ1cGxvYWRzJTJGMjAyMSUyRjEyJTJGU2Vsby1BbWJldi1Wb2EtQWp1ZG91LnBkZiUyMiUzRSUwQSUzQ2ltZyUyMHNyYyUzRCUyMmh0dHBzJTNBJTJGJTJGYWp1ZG91Lm9yZyUyRndwLWNvbnRlbnQlMkZ1cGxvYWRzJTJGMjAyMSUyRjEyJTJGU2Vsby1Wb2FfUE5HLTItZTE2NDA3ODc0NzM2ODIucG5nJTIyJTNFJTIwJTNDJTJGYSUzRSUwQSUzQyUyRmxpJTNFJTBBJTBBJTNDbGklM0UlMEElM0NpbWclMjBzcmMlM0QlMjJodHRwcyUzQSUyRiUyRmFqdWRvdS5vcmclMkZ3cC1jb250ZW50JTJGdXBsb2FkcyUyRjIwMjElMkYxMiUyRlNlbG8tRE9BUi5wbmclMjIlM0UlMEElM0MlMkZsaSUzRSUwQSUwQSUzQyUyRnVsJTNFJTBBJTNDJTJGZGl2JTNF[\/vc_raw_html][\/vc_column][\/vc_row]<\/p>\n<\/div>","protected":false},"excerpt":{"rendered":"<p>[vc_row full_width=&#8221;stretch_row_content_no_spaces&#8221; css=&#8221;.vc_custom_1632427047570{margin-top: 0px !important;margin-right: 0px !important;margin-bottom: 0px !important;margin-left: 0px !important;border-top-width: 0px !important;border-right-width: 0px !important;border-bottom-width: 0px !important;border-left-width: 0px !important;padding-top: 0px&#8230;<\/p>\n","protected":false},"author":10,"featured_media":0,"parent":0,"menu_order":0,"comment_status":"closed","ping_status":"closed","template":"","meta":{"footnotes":""},"acf":[],"yoast_head":"<!-- This site is optimized with the Yoast SEO plugin v22.1 - https:\/\/yoast.com\/wordpress\/plugins\/seo\/ -->\n<title>Ajud\u00f4u Year IV - Ajud\u00f4u<\/title>\n<meta name=\"robots\" content=\"index, follow, max-snippet:-1, max-image-preview:large, max-video-preview:-1\" \/>\n<link rel=\"canonical\" href=\"https:\/\/novo.ajudou.org\/en\/ajudou-ano-iv\/\" \/>\n<meta property=\"og:locale\" content=\"en_US\" \/>\n<meta property=\"og:type\" content=\"article\" \/>\n<meta property=\"og:title\" content=\"Ajud\u00f4u Year IV - Ajud\u00f4u\" \/>\n<meta property=\"og:description\" content=\"[vc_row full_width=&#8221;stretch_row_content_no_spaces&#8221; css=&#8221;.vc_custom_1632427047570{margin-top: 0px !important;margin-right: 0px !important;margin-bottom: 0px !important;margin-left: 0px !important;border-top-width: 0px !important;border-right-width: 0px !important;border-bottom-width: 0px !important;border-left-width: 0px !important;padding-top: 0px...\" \/>\n<meta property=\"og:url\" content=\"https:\/\/novo.ajudou.org\/en\/ajudou-ano-iv\/\" \/>\n<meta property=\"og:site_name\" content=\"Ajud\u00f4u\" \/>\n<meta property=\"article:publisher\" content=\"https:\/\/www.facebook.com\/ajudou\" \/>\n<meta property=\"article:modified_time\" content=\"2022-05-24T02:57:59+00:00\" \/>\n<meta name=\"twitter:card\" content=\"summary_large_image\" \/>\n<meta name=\"twitter:label1\" content=\"Est. reading time\" \/>\n\t<meta name=\"twitter:data1\" content=\"5 minutes\" \/>\n<script type=\"application\/ld+json\" class=\"yoast-schema-graph\">{\"@context\":\"https:\/\/schema.org\",\"@graph\":[{\"@type\":\"WebPage\",\"@id\":\"https:\/\/novo.ajudou.org\/en\/ajudou-ano-iv\/\",\"url\":\"https:\/\/novo.ajudou.org\/en\/ajudou-ano-iv\/\",\"name\":\"Ajud\u00f4u Year IV - Ajud\u00f4u\",\"isPartOf\":{\"@id\":\"https:\/\/novo.ajudou.org\/en\/#website\"},\"datePublished\":\"2021-11-19T19:43:19+00:00\",\"dateModified\":\"2022-05-24T02:57:59+00:00\",\"breadcrumb\":{\"@id\":\"https:\/\/novo.ajudou.org\/en\/ajudou-ano-iv\/#breadcrumb\"},\"inLanguage\":\"en-US\",\"potentialAction\":[{\"@type\":\"ReadAction\",\"target\":[[\"https:\/\/novo.ajudou.org\/en\/ajudou-ano-iv\/\"]]}]},{\"@type\":\"BreadcrumbList\",\"@id\":\"https:\/\/novo.ajudou.org\/en\/ajudou-ano-iv\/#breadcrumb\",\"itemListElement\":[{\"@type\":\"ListItem\",\"position\":1,\"name\":\"In\u00edcio\",\"item\":\"https:\/\/novo.ajudou.org\/en\/\"},{\"@type\":\"ListItem\",\"position\":2,\"name\":\"Ajud\u00f4u Ano IV\"}]},{\"@type\":\"WebSite\",\"@id\":\"https:\/\/novo.ajudou.org\/en\/#website\",\"url\":\"https:\/\/novo.ajudou.org\/en\/\",\"name\":\"Ajud\u00f4u\",\"description\":\"Ajud\u00f4u\",\"publisher\":{\"@id\":\"https:\/\/novo.ajudou.org\/en\/#organization\"},\"potentialAction\":[{\"@type\":\"SearchAction\",\"target\":{\"@type\":\"EntryPoint\",\"urlTemplate\":\"https:\/\/novo.ajudou.org\/en\/?s={search_term_string}\"},\"query-input\":\"required name=search_term_string\"}],\"inLanguage\":\"en-US\"},{\"@type\":\"Organization\",\"@id\":\"https:\/\/novo.ajudou.org\/en\/#organization\",\"name\":\"(Portugu\u00eas do Brasil) Ajud\u00f4u\",\"url\":\"https:\/\/novo.ajudou.org\/en\/\",\"logo\":{\"@type\":\"ImageObject\",\"inLanguage\":\"en-US\",\"@id\":\"https:\/\/novo.ajudou.org\/en\/#\/schema\/logo\/image\/\",\"url\":\"https:\/\/novo.ajudou.org\/wp-content\/uploads\/2023\/11\/logo-escalada.png\",\"contentUrl\":\"https:\/\/novo.ajudou.org\/wp-content\/uploads\/2023\/11\/logo-escalada.png\",\"width\":123,\"height\":73,\"caption\":\"(Portugu\u00eas do Brasil) Ajud\u00f4u\"},\"image\":{\"@id\":\"https:\/\/novo.ajudou.org\/en\/#\/schema\/logo\/image\/\"},\"sameAs\":[\"https:\/\/www.facebook.com\/ajudou\",\"https:\/\/www.instagram.com\/oajudou\/\",\"https:\/\/www.youtube.com\/@ajudouprojetosocial7457\"]}]}<\/script>\n<!-- \/ Yoast SEO plugin. -->","yoast_head_json":{"title":"Ajud\u00f4u Year IV - Ajud\u00f4u","robots":{"index":"index","follow":"follow","max-snippet":"max-snippet:-1","max-image-preview":"max-image-preview:large","max-video-preview":"max-video-preview:-1"},"canonical":"https:\/\/novo.ajudou.org\/en\/ajudou-ano-iv\/","og_locale":"en_US","og_type":"article","og_title":"Ajud\u00f4u Year IV - Ajud\u00f4u","og_description":"[vc_row full_width=&#8221;stretch_row_content_no_spaces&#8221; css=&#8221;.vc_custom_1632427047570{margin-top: 0px !important;margin-right: 0px !important;margin-bottom: 0px !important;margin-left: 0px !important;border-top-width: 0px !important;border-right-width: 0px !important;border-bottom-width: 0px !important;border-left-width: 0px !important;padding-top: 0px...","og_url":"https:\/\/novo.ajudou.org\/en\/ajudou-ano-iv\/","og_site_name":"Ajud\u00f4u","article_publisher":"https:\/\/www.facebook.com\/ajudou","article_modified_time":"2022-05-24T02:57:59+00:00","twitter_card":"summary_large_image","twitter_misc":{"Est. reading time":"5 minutes"},"schema":{"@context":"https:\/\/schema.org","@graph":[{"@type":"WebPage","@id":"https:\/\/novo.ajudou.org\/en\/ajudou-ano-iv\/","url":"https:\/\/novo.ajudou.org\/en\/ajudou-ano-iv\/","name":"Ajud\u00f4u Year IV - Ajud\u00f4u","isPartOf":{"@id":"https:\/\/novo.ajudou.org\/en\/#website"},"datePublished":"2021-11-19T19:43:19+00:00","dateModified":"2022-05-24T02:57:59+00:00","breadcrumb":{"@id":"https:\/\/novo.ajudou.org\/en\/ajudou-ano-iv\/#breadcrumb"},"inLanguage":"en-US","potentialAction":[{"@type":"ReadAction","target":[["https:\/\/novo.ajudou.org\/en\/ajudou-ano-iv\/"]]}]},{"@type":"BreadcrumbList","@id":"https:\/\/novo.ajudou.org\/en\/ajudou-ano-iv\/#breadcrumb","itemListElement":[{"@type":"ListItem","position":1,"name":"In\u00edcio","item":"https:\/\/novo.ajudou.org\/en\/"},{"@type":"ListItem","position":2,"name":"Ajud\u00f4u Ano IV"}]},{"@type":"WebSite","@id":"https:\/\/novo.ajudou.org\/en\/#website","url":"https:\/\/novo.ajudou.org\/en\/","name":"Ajud\u00f4u","description":"Ajud\u00f4u","publisher":{"@id":"https:\/\/novo.ajudou.org\/en\/#organization"},"potentialAction":[{"@type":"SearchAction","target":{"@type":"EntryPoint","urlTemplate":"https:\/\/novo.ajudou.org\/en\/?s={search_term_string}"},"query-input":"required name=search_term_string"}],"inLanguage":"en-US"},{"@type":"Organization","@id":"https:\/\/novo.ajudou.org\/en\/#organization","name":"(Portugu\u00eas do Brasil) Ajud\u00f4u","url":"https:\/\/novo.ajudou.org\/en\/","logo":{"@type":"ImageObject","inLanguage":"en-US","@id":"https:\/\/novo.ajudou.org\/en\/#\/schema\/logo\/image\/","url":"https:\/\/novo.ajudou.org\/wp-content\/uploads\/2023\/11\/logo-escalada.png","contentUrl":"https:\/\/novo.ajudou.org\/wp-content\/uploads\/2023\/11\/logo-escalada.png","width":123,"height":73,"caption":"(Portugu\u00eas do Brasil) Ajud\u00f4u"},"image":{"@id":"https:\/\/novo.ajudou.org\/en\/#\/schema\/logo\/image\/"},"sameAs":["https:\/\/www.facebook.com\/ajudou","https:\/\/www.instagram.com\/oajudou\/","https:\/\/www.youtube.com\/@ajudouprojetosocial7457"]}]}},"_links":{"self":[{"href":"https:\/\/novo.ajudou.org\/en\/wp-json\/wp\/v2\/pages\/4388"}],"collection":[{"href":"https:\/\/novo.ajudou.org\/en\/wp-json\/wp\/v2\/pages"}],"about":[{"href":"https:\/\/novo.ajudou.org\/en\/wp-json\/wp\/v2\/types\/page"}],"author":[{"embeddable":true,"href":"https:\/\/novo.ajudou.org\/en\/wp-json\/wp\/v2\/users\/10"}],"replies":[{"embeddable":true,"href":"https:\/\/novo.ajudou.org\/en\/wp-json\/wp\/v2\/comments?post=4388"}],"version-history":[{"count":0,"href":"https:\/\/novo.ajudou.org\/en\/wp-json\/wp\/v2\/pages\/4388\/revisions"}],"wp:attachment":[{"href":"https:\/\/novo.ajudou.org\/en\/wp-json\/wp\/v2\/media?parent=4388"}],"curies":[{"name":"wp","href":"https:\/\/api.w.org\/{rel}","templated":true}]}}