{"id":3838,"date":"2021-09-23T17:22:34","date_gmt":"2021-09-23T20:22:34","guid":{"rendered":"https:\/\/ajudou.org\/?page_id=3838"},"modified":"2023-01-13T17:16:51","modified_gmt":"2023-01-13T20:16:51","slug":"ajudou-timoteo","status":"publish","type":"page","link":"https:\/\/novo.ajudou.org\/en\/ajudou-timoteo\/","title":{"rendered":"Ajudou Tim\u00f3teo II"},"content":{"rendered":"<div class=\"wpb-content-wrapper\"><p><\/p>\n<p>[vc_row full_width=&#8221;stretch_row_content_no_spaces&#8221; css=&#8221;.vc_custom_1632427047570{margin-top: 0px !important;margin-right: 0px !important;margin-bottom: 0px !important;margin-left: 0px !important;border-top-width: 0px !important;border-right-width: 0px !important;border-bottom-width: 0px !important;border-left-width: 0px !important;padding-top: 0px !important;padding-right: 0px !important;padding-bottom: 0px !important;padding-left: 0px !important;}&#8221;][vc_column css=&#8221;.vc_custom_1632428666846{margin-top: 0px !important;border-top-width: 0px !important;padding-top: 0px !important;}&#8221;][vc_row_inner css=&#8221;.vc_custom_1632428655103{margin-top: 0px !important;border-top-width: 0px !important;padding-top: 0px !important;}&#8221;][vc_column_inner el_id=&#8221;linha03&#8243; css=&#8221;.vc_custom_1632428659229{margin-top: 0px !important;border-top-width: 0px !important;padding-top: 0px !important;}&#8221;][vc_single_image image=&#8221;3951&#8243; img_size=&#8221;full&#8221; alignment=&#8221;center&#8221; css=&#8221;.vc_custom_1639503789849{margin-top: 0px !important;border-top-width: 0px !important;padding-top: 0px !important;}&#8221;][\/vc_column_inner][\/vc_row_inner][\/vc_column][\/vc_row][vc_row full_width=&#8221;stretch_row&#8221;][vc_column][vc_row_inner el_class=&#8221;conta&#8221;][vc_column_inner width=&#8221;1\/4&#8243;][\/vc_column_inner][vc_column_inner el_class=&#8221;projetoconfig&#8221; width=&#8221;1\/2&#8243;][vc_single_image image=&#8221;2002&#8243; img_size=&#8221;medium&#8221; alignment=&#8221;center&#8221; el_id=&#8221;imgprojeto&#8221;][vc_column_text]<strong>Project Name:\u00a0<\/strong>Ajud\u00f4u Tim\u00f3teo II<\/p>\n<p><strong>Modality:<\/strong>\u00a0Judo<\/p>\n<p><strong>Process No.:\u00a0<\/strong>PMT Agreement<\/p>\n<p><strong>SLIE No.:\u00a0<\/strong>PMT Agreement<\/p>\n<p><strong>No. Students:<\/strong> 600<\/p>\n<p><strong>Execution Period:<\/strong> 07\/2021 to 06\/2022<\/p>\n<p><strong>General Objective:<\/strong> Increase access to the practice of specialized Judo sport as an educational complement, to children and adolescents enrolled in public schools in the city of Tim\u00f3teo.<\/p>\n<p><strong>Cores:<\/strong><\/p>\n<ul>\n<li><strong>Angelina Alves Municipal School<\/strong><\/li>\n<\/ul>\n<p><strong>Address:<\/strong> Street S\u00e3o Domingos do Prata, 121 &#8211; Centro Sul, Tim\u00f3teo \u2013 MG<\/p>\n<ul>\n<li><strong>Clarindo Carlos Miranda Municipal School<\/strong><\/li>\n<\/ul>\n<p><strong>Address:<\/strong> Street Patativa, 380 &#8211; Macuco, Tim\u00f3teo \u2013 MG<\/p>\n<ul>\n<li><strong>Ana Moura Municipal School<\/strong><\/li>\n<\/ul>\n<p><strong>Address:<\/strong> Avenue Ana Moura, 5930 &#8211; Ana Moura, Tim\u00f3teo \u2013 MG<\/p>\n<ul>\n<li><strong>New Time Municipal School<\/strong><\/li>\n<\/ul>\n<p><strong>Address:<\/strong> Avenue Universal, 453 &#8211; Novo Tempo, Tim\u00f3teo \u2013 MG<\/p>\n<ul>\n<li><strong>Jo\u00e3o Bolinha Municipal School<\/strong><\/li>\n<\/ul>\n<p><strong>Address:<\/strong> Street Duque de Caxias, 63 &#8211; Cachoeira do Vale, Tim\u00f3teo &#8211; MG, 35184-038<\/p>\n<ul>\n<li><strong>Joaquim Ferreira Municipal School<\/strong><\/li>\n<\/ul>\n<p><strong>Address:<\/strong> Av. Castelo Branco, 113 &#8211; S\u00e3o Jos\u00e9, Tim\u00f3teo &#8211; MG, 35182-054<\/p>\n<p><strong>Sponsor:<\/strong> Municipality of Tim\u00f3teo[\/vc_column_text][vc_column_text]<\/p>\n<div class=\"listaimg\">\n<p><img decoding=\"async\" class=\"aligncenter\" style=\"max-width: 100%;\" src=\"https:\/\/ajudou.org\/wp-content\/uploads\/2019\/08\/timoteo.jpg\" \/><\/div>\n<p>[\/vc_column_text][\/vc_column_inner][vc_column_inner width=&#8221;1\/4&#8243;][\/vc_column_inner][\/vc_row_inner][\/vc_column][\/vc_row][vc_row full_width=&#8221;stretch_row&#8221; css=&#8221;.vc_custom_1632428418183{margin-top: 0px !important;margin-bottom: 0px !important;border-top-width: 0px !important;border-bottom-width: 0px !important;padding-top: 0px !important;padding-bottom: 0px !important;background-color: #e3051b !important;}&#8221;][vc_column css=&#8221;.vc_custom_1632428475953{margin-bottom: 0px !important;border-bottom-width: 0px !important;padding-bottom: 0px !important;}&#8221;][vc_row_inner el_class=&#8221;conta&#8221; css=&#8221;.vc_custom_1632428540438{margin-bottom: 0px !important;border-bottom-width: 0px !important;padding-bottom: 0px !important;}&#8221;][vc_column_inner width=&#8221;1\/6&#8243; el_id=&#8221;colunadoar&#8221; css=&#8221;.vc_custom_1632428497678{margin-bottom: 0px !important;border-bottom-width: 0px !important;padding-bottom: 0px !important;}&#8221;][\/vc_column_inner][vc_column_inner width=&#8221;1\/2&#8243; css=&#8221;.vc_custom_1632428492142{margin-bottom: 0px !important;border-bottom-width: 0px !important;padding-bottom: 0px !important;}&#8221;][vc_column_text]<\/p>\n<h2 style=\"text-align: left; color: #ffffff; font-size: 20px;\">Join a community of people who make a difference.<\/h2>\n<p>[\/vc_column_text][\/vc_column_inner][vc_column_inner width=&#8221;1\/6&#8243; css=&#8221;.vc_custom_1632428503869{margin-bottom: 0px !important;border-bottom-width: 0px !important;padding-bottom: 0px !important;}&#8221;][vc_btn title=&#8221;Donate&#8221; color=&#8221;white&#8221; size=&#8221;lg&#8221; align=&#8221;center&#8221; link=&#8221;url:https%3A%2F%2Fajudou.org%2Ffaca-a-diferenca%2F|||&#8221;][\/vc_column_inner][vc_column_inner width=&#8221;1\/6&#8243; css=&#8221;.vc_custom_1632428510174{margin-bottom: 0px !important;border-bottom-width: 0px !important;padding-bottom: 0px !important;}&#8221;][\/vc_column_inner][\/vc_row_inner][\/vc_column][\/vc_row][vc_row el_id=&#8221;rowSelos&#8221;][vc_column][vc_raw_html]JTNDZGl2JTIwaWQlM0RzZWxvcyUzRSUwQSUzQ3VsJTNFJTBBJTBBJTNDbGklM0UlMEElM0NhJTIwaHJlZiUzRCUyMmh0dHBzJTNBJTJGJTJGYWp1ZG91Lm9yZyUyRndwLWNvbnRlbnQlMkZ1cGxvYWRzJTJGMjAyMSUyRjEyJTJGU2Vsby1BbWJldi1Wb2EtQWp1ZG91LnBkZiUyMiUzRSUwQSUzQ2ltZyUyMHNyYyUzRCUyMmh0dHBzJTNBJTJGJTJGYWp1ZG91Lm9yZyUyRndwLWNvbnRlbnQlMkZ1cGxvYWRzJTJGMjAyMSUyRjEyJTJGU2Vsby1Wb2FfUE5HLTItZTE2NDA3ODc0NzM2ODIucG5nJTIyJTNFJTIwJTNDJTJGYSUzRSUwQSUzQyUyRmxpJTNFJTBBJTBBJTNDbGklM0UlMEElM0NpbWclMjBzcmMlM0QlMjJodHRwcyUzQSUyRiUyRmFqdWRvdS5vcmclMkZ3cC1jb250ZW50JTJGdXBsb2FkcyUyRjIwMjElMkYxMiUyRlNlbG8tRE9BUi5wbmclMjIlM0UlMEElM0MlMkZsaSUzRSUwQSUwQSUzQyUyRnVsJTNFJTBBJTNDJTJGZGl2JTNF[\/vc_raw_html][\/vc_column][\/vc_row]<\/p>\n<p><\/p>\n<\/div>","protected":false},"excerpt":{"rendered":"<p>[vc_row full_width=&#8221;stretch_row_content_no_spaces&#8221; css=&#8221;.vc_custom_1632427047570{margin-top: 0px !important;margin-right: 0px !important;margin-bottom: 0px !important;margin-left: 0px !important;border-top-width: 0px !important;border-right-width: 0px !important;border-bottom-width: 0px !important;border-left-width: 0px !important;padding-top: 0px&#8230;<\/p>\n","protected":false},"author":6,"featured_media":0,"parent":0,"menu_order":0,"comment_status":"closed","ping_status":"closed","template":"","meta":{"footnotes":""},"acf":[],"yoast_head":"<!-- This site is optimized with the Yoast SEO plugin v22.1 - https:\/\/yoast.com\/wordpress\/plugins\/seo\/ -->\n<title>Ajudou Tim\u00f3teo II - Ajud\u00f4u<\/title>\n<meta name=\"robots\" content=\"index, follow, max-snippet:-1, max-image-preview:large, max-video-preview:-1\" \/>\n<link rel=\"canonical\" href=\"https:\/\/novo.ajudou.org\/en\/ajudou-timoteo\/\" \/>\n<meta property=\"og:locale\" content=\"en_US\" \/>\n<meta property=\"og:type\" content=\"article\" \/>\n<meta property=\"og:title\" content=\"Ajudou Tim\u00f3teo II - Ajud\u00f4u\" \/>\n<meta property=\"og:description\" content=\"[vc_row full_width=&#8221;stretch_row_content_no_spaces&#8221; css=&#8221;.vc_custom_1632427047570{margin-top: 0px !important;margin-right: 0px !important;margin-bottom: 0px !important;margin-left: 0px !important;border-top-width: 0px !important;border-right-width: 0px !important;border-bottom-width: 0px !important;border-left-width: 0px !important;padding-top: 0px...\" \/>\n<meta property=\"og:url\" content=\"https:\/\/novo.ajudou.org\/en\/ajudou-timoteo\/\" \/>\n<meta property=\"og:site_name\" content=\"Ajud\u00f4u\" \/>\n<meta property=\"article:publisher\" content=\"https:\/\/www.facebook.com\/ajudou\" \/>\n<meta property=\"article:modified_time\" content=\"2023-01-13T20:16:51+00:00\" \/>\n<meta property=\"og:image\" content=\"https:\/\/ajudou.org\/wp-content\/uploads\/2019\/08\/timoteo.jpg\" \/>\n<meta name=\"twitter:card\" content=\"summary_large_image\" \/>\n<meta name=\"twitter:label1\" content=\"Est. reading time\" \/>\n\t<meta name=\"twitter:data1\" content=\"6 minutes\" \/>\n<script type=\"application\/ld+json\" class=\"yoast-schema-graph\">{\"@context\":\"https:\/\/schema.org\",\"@graph\":[{\"@type\":\"WebPage\",\"@id\":\"https:\/\/novo.ajudou.org\/en\/ajudou-timoteo\/\",\"url\":\"https:\/\/novo.ajudou.org\/en\/ajudou-timoteo\/\",\"name\":\"Ajudou Tim\u00f3teo II - Ajud\u00f4u\",\"isPartOf\":{\"@id\":\"https:\/\/novo.ajudou.org\/en\/#website\"},\"datePublished\":\"2021-09-23T20:22:34+00:00\",\"dateModified\":\"2023-01-13T20:16:51+00:00\",\"breadcrumb\":{\"@id\":\"https:\/\/novo.ajudou.org\/en\/ajudou-timoteo\/#breadcrumb\"},\"inLanguage\":\"en-US\",\"potentialAction\":[{\"@type\":\"ReadAction\",\"target\":[[\"https:\/\/novo.ajudou.org\/en\/ajudou-timoteo\/\"]]}]},{\"@type\":\"BreadcrumbList\",\"@id\":\"https:\/\/novo.ajudou.org\/en\/ajudou-timoteo\/#breadcrumb\",\"itemListElement\":[{\"@type\":\"ListItem\",\"position\":1,\"name\":\"In\u00edcio\",\"item\":\"https:\/\/novo.ajudou.org\/en\/\"},{\"@type\":\"ListItem\",\"position\":2,\"name\":\"Ajudou Tim\u00f3teo II\"}]},{\"@type\":\"WebSite\",\"@id\":\"https:\/\/novo.ajudou.org\/en\/#website\",\"url\":\"https:\/\/novo.ajudou.org\/en\/\",\"name\":\"Ajud\u00f4u\",\"description\":\"Ajud\u00f4u\",\"publisher\":{\"@id\":\"https:\/\/novo.ajudou.org\/en\/#organization\"},\"potentialAction\":[{\"@type\":\"SearchAction\",\"target\":{\"@type\":\"EntryPoint\",\"urlTemplate\":\"https:\/\/novo.ajudou.org\/en\/?s={search_term_string}\"},\"query-input\":\"required name=search_term_string\"}],\"inLanguage\":\"en-US\"},{\"@type\":\"Organization\",\"@id\":\"https:\/\/novo.ajudou.org\/en\/#organization\",\"name\":\"(Portugu\u00eas do Brasil) Ajud\u00f4u\",\"url\":\"https:\/\/novo.ajudou.org\/en\/\",\"logo\":{\"@type\":\"ImageObject\",\"inLanguage\":\"en-US\",\"@id\":\"https:\/\/novo.ajudou.org\/en\/#\/schema\/logo\/image\/\",\"url\":\"https:\/\/novo.ajudou.org\/wp-content\/uploads\/2023\/11\/logo-escalada.png\",\"contentUrl\":\"https:\/\/novo.ajudou.org\/wp-content\/uploads\/2023\/11\/logo-escalada.png\",\"width\":123,\"height\":73,\"caption\":\"(Portugu\u00eas do Brasil) Ajud\u00f4u\"},\"image\":{\"@id\":\"https:\/\/novo.ajudou.org\/en\/#\/schema\/logo\/image\/\"},\"sameAs\":[\"https:\/\/www.facebook.com\/ajudou\",\"https:\/\/www.instagram.com\/oajudou\/\",\"https:\/\/www.youtube.com\/@ajudouprojetosocial7457\"]}]}<\/script>\n<!-- \/ Yoast SEO plugin. -->","yoast_head_json":{"title":"Ajudou Tim\u00f3teo II - Ajud\u00f4u","robots":{"index":"index","follow":"follow","max-snippet":"max-snippet:-1","max-image-preview":"max-image-preview:large","max-video-preview":"max-video-preview:-1"},"canonical":"https:\/\/novo.ajudou.org\/en\/ajudou-timoteo\/","og_locale":"en_US","og_type":"article","og_title":"Ajudou Tim\u00f3teo II - Ajud\u00f4u","og_description":"[vc_row full_width=&#8221;stretch_row_content_no_spaces&#8221; css=&#8221;.vc_custom_1632427047570{margin-top: 0px !important;margin-right: 0px !important;margin-bottom: 0px !important;margin-left: 0px !important;border-top-width: 0px !important;border-right-width: 0px !important;border-bottom-width: 0px !important;border-left-width: 0px !important;padding-top: 0px...","og_url":"https:\/\/novo.ajudou.org\/en\/ajudou-timoteo\/","og_site_name":"Ajud\u00f4u","article_publisher":"https:\/\/www.facebook.com\/ajudou","article_modified_time":"2023-01-13T20:16:51+00:00","og_image":[{"url":"https:\/\/ajudou.org\/wp-content\/uploads\/2019\/08\/timoteo.jpg"}],"twitter_card":"summary_large_image","twitter_misc":{"Est. reading time":"6 minutes"},"schema":{"@context":"https:\/\/schema.org","@graph":[{"@type":"WebPage","@id":"https:\/\/novo.ajudou.org\/en\/ajudou-timoteo\/","url":"https:\/\/novo.ajudou.org\/en\/ajudou-timoteo\/","name":"Ajudou Tim\u00f3teo II - Ajud\u00f4u","isPartOf":{"@id":"https:\/\/novo.ajudou.org\/en\/#website"},"datePublished":"2021-09-23T20:22:34+00:00","dateModified":"2023-01-13T20:16:51+00:00","breadcrumb":{"@id":"https:\/\/novo.ajudou.org\/en\/ajudou-timoteo\/#breadcrumb"},"inLanguage":"en-US","potentialAction":[{"@type":"ReadAction","target":[["https:\/\/novo.ajudou.org\/en\/ajudou-timoteo\/"]]}]},{"@type":"BreadcrumbList","@id":"https:\/\/novo.ajudou.org\/en\/ajudou-timoteo\/#breadcrumb","itemListElement":[{"@type":"ListItem","position":1,"name":"In\u00edcio","item":"https:\/\/novo.ajudou.org\/en\/"},{"@type":"ListItem","position":2,"name":"Ajudou Tim\u00f3teo II"}]},{"@type":"WebSite","@id":"https:\/\/novo.ajudou.org\/en\/#website","url":"https:\/\/novo.ajudou.org\/en\/","name":"Ajud\u00f4u","description":"Ajud\u00f4u","publisher":{"@id":"https:\/\/novo.ajudou.org\/en\/#organization"},"potentialAction":[{"@type":"SearchAction","target":{"@type":"EntryPoint","urlTemplate":"https:\/\/novo.ajudou.org\/en\/?s={search_term_string}"},"query-input":"required name=search_term_string"}],"inLanguage":"en-US"},{"@type":"Organization","@id":"https:\/\/novo.ajudou.org\/en\/#organization","name":"(Portugu\u00eas do Brasil) Ajud\u00f4u","url":"https:\/\/novo.ajudou.org\/en\/","logo":{"@type":"ImageObject","inLanguage":"en-US","@id":"https:\/\/novo.ajudou.org\/en\/#\/schema\/logo\/image\/","url":"https:\/\/novo.ajudou.org\/wp-content\/uploads\/2023\/11\/logo-escalada.png","contentUrl":"https:\/\/novo.ajudou.org\/wp-content\/uploads\/2023\/11\/logo-escalada.png","width":123,"height":73,"caption":"(Portugu\u00eas do Brasil) Ajud\u00f4u"},"image":{"@id":"https:\/\/novo.ajudou.org\/en\/#\/schema\/logo\/image\/"},"sameAs":["https:\/\/www.facebook.com\/ajudou","https:\/\/www.instagram.com\/oajudou\/","https:\/\/www.youtube.com\/@ajudouprojetosocial7457"]}]}},"_links":{"self":[{"href":"https:\/\/novo.ajudou.org\/en\/wp-json\/wp\/v2\/pages\/3838"}],"collection":[{"href":"https:\/\/novo.ajudou.org\/en\/wp-json\/wp\/v2\/pages"}],"about":[{"href":"https:\/\/novo.ajudou.org\/en\/wp-json\/wp\/v2\/types\/page"}],"author":[{"embeddable":true,"href":"https:\/\/novo.ajudou.org\/en\/wp-json\/wp\/v2\/users\/6"}],"replies":[{"embeddable":true,"href":"https:\/\/novo.ajudou.org\/en\/wp-json\/wp\/v2\/comments?post=3838"}],"version-history":[{"count":0,"href":"https:\/\/novo.ajudou.org\/en\/wp-json\/wp\/v2\/pages\/3838\/revisions"}],"wp:attachment":[{"href":"https:\/\/novo.ajudou.org\/en\/wp-json\/wp\/v2\/media?parent=3838"}],"curies":[{"name":"wp","href":"https:\/\/api.w.org\/{rel}","templated":true}]}}